{"id":2961,"date":"2017-08-02T11:41:42","date_gmt":"2017-08-02T11:41:42","guid":{"rendered":"http:\/\/dummy.xtemos.com\/woodmart\/demos\/?page_id=861"},"modified":"2025-11-05T21:57:34","modified_gmt":"2025-11-05T18:57:34","slug":"despre-beauty-victoria-australia","status":"publish","type":"page","link":"https:\/\/beautyvictoria.ro\/fr\/despre-beauty-victoria-australia\/","title":{"rendered":"\u00c0 PROPOS DE NOUS"},"content":{"rendered":"<div class=\"wpb-content-wrapper\"><p>[vc_section full_width=\u00a0\u00bbstretch_row\u00a0\u00bb full_height=\u00a0\u00bbyes\u00a0\u00bb content_placement=\u00a0\u00bbmiddle\u00a0\u00bb woodmart_bg_position=\u00a0\u00bbcenter-center\u00a0\u00bb woodmart_gradient_switch=\u00a0\u00bbyes\u00a0\u00bb css=\u00a0\u00bb.vc_custom_1588858951160{margin-bottom: 0px !important;padding-top: 5vh !important;padding-bottom: 10vh !important;background-image: url(http:\/\/dummy.xtemos.com\/woodmart\/demos\/wp-content\/uploads\/sites\/2\/2017\/06\/wood-main-bg.jpg?id=44) !important;background-position: center !important;background-repeat: no-repeat !important;background-size: cover !important;}\u00a0\u00bb woodmart_color_gradient=\u00a0\u00bbrgba(255, 255, 255, 0.9)-0\/rgba(255, 255, 255, 0)-41\/|linear-gradient(top , rgba(255, 255, 255, 0.9) , rgba(255, 255, 255, 0) 41%)|linear|top\u00a0\u00bb mobile_bg_img_hidden=\u00a0\u00bbno\u00a0\u00bb tablet_bg_img_hidden=\u00a0\u00bbno\u00a0\u00bb woodmart_parallax=\u00a0\u00bb0&Prime; woodmart_disable_overflow=\u00a0\u00bb0&Prime;][vc_row][vc_column][vc_column_text text_larger=\u00a0\u00bbno\u00a0\u00bb]<span style=\"font-size: 14pt;\">Beauty Victoria est une boutique en ligne proposant des produits naturels extr\u00eamement efficaces pour traiter vos probl\u00e8mes de peau, de cheveux, d&rsquo;ongles, vos affections rhumatismales et articulaires, ainsi que vos troubles internes (estomac, foie, v\u00e9sicule biliaire, syst\u00e8me digestif, reins, prostate, n\u00e9phrite ; constipation et indigestion, flore intestinale ; troubles digestifs ; diab\u00e8te ; maladies cardiaques ; cholest\u00e9rol, tension art\u00e9rielle, etc.).<\/span>[\/vc_column_text][\/vc_column][\/vc_row][vc_row][vc_column][vc_column_text text_larger=\u00a0\u00bbno\u00a0\u00bb]<\/p>\n<h3 style=\"text-align: center;\"><strong>POURQUOI NOUIS CHOISIR ?<\/strong><\/h3>\n<p>[\/vc_column_text][vc_separator][\/vc_column][\/vc_row][vc_row css=\u00a0\u00bb.vc_custom_1500277816326{margin-right: 15px !important;margin-left: 15px !important;}\u00a0\u00bb][vc_column width=\u00a0\u00bb2\/3&Prime; css=\u00a0\u00bb.vc_custom_1500279343630{padding-top: 40px !important;padding-right: 40px !important;padding-bottom: 10px !important;padding-left: 40px !important;background-color: #ffffff !important;}\u00a0\u00bb][vc_row_inner][vc_column_inner]\n\t\t<div id=\"wd-5eb6e01ddd2af\" class=\"title-wrapper wd-wpb wd-set-mb reset-last-child  wd-rs-5eb6e01ddd2af wd-title-color-default wd-title-style-default text-left  wd-underline-colored\">\n\t\t\t\n\t\t\t<div class=\"liner-continer\">\n\t\t\t\t<h4 class=\"woodmart-title-container title  wd-font-weight- wd-fontsize-xxl\" >QUI SUIS-JE ?<\/h4>\n\t\t\t\t\t\t\t<\/div>\n\t\t\t\n\t\t\t\n\t\t\t\n\t\t<\/div>\n\t\t\n\t\t[vc_column_text text_larger=\u00a0\u00bbyes\u00a0\u00bb css=\u00a0\u00bb.vc_custom_1762368416148{margin-bottom: 30px !important;}\u00a0\u00bb]<span style=\"font-size: 12pt;\">Ghiorghiu Elena Violete, une personnalit\u00e9 aux multiples facettes, est dipl\u00f4m\u00e9e de deux facult\u00e9s dans des domaines totalement diff\u00e9rents. Passionn\u00e9e et d\u00e9vou\u00e9e, elle comprend que les rem\u00e8des naturels s&rsquo;adressent aussi aux patients d\u00e9courag\u00e9s par les traitements conventionnels. Ces produits sont n\u00e9s de sa passion et de son d\u00e9sir d&rsquo;aider ceux qui ne trouvaient plus d&rsquo;alternatives pour se soigner.<\/span>[\/vc_column_text][vc_column_text text_larger=\u00a0\u00bbyes\u00a0\u00bb css=\u00a0\u00bb.vc_custom_1762368445660{margin-bottom: 30px !important;}\u00a0\u00bb]<strong>D\u00c9TERMINATION<\/strong><\/p>\n<p>Il est important de noter que les pays ayant une tradition de th\u00e9rapies naturelles, principalement en Asie, proposent d\u00e9j\u00e0 ces produits. Forte de milliers d&rsquo;apparitions m\u00e9diatiques, j&rsquo;ai aid\u00e9 avec succ\u00e8s d&rsquo;innombrables personnes souffrant de maladies de peau, de cheveux, d&rsquo;ongles, de troubles internes et autres. Lors de mes nombreuses apparitions t\u00e9l\u00e9vis\u00e9es, j&rsquo;ai largement pr\u00e9sent\u00e9 ces produits uniques que j&rsquo;exporte d&rsquo;Australie, en les illustrant par de nombreux t\u00e9moignages de patients ayant retrouv\u00e9 une vie normale de fa\u00e7on naturelle.[\/vc_column_text][vc_column_text text_larger=\u00a0\u00bbyes\u00a0\u00bb css=\u00a0\u00bb.vc_custom_1762369047511{margin-bottom: 30px !important;}\u00a0\u00bb]<strong>MES D\u00c9BUTS<\/strong><\/p>\n<p>Pendant 27 ans, je me suis rendu en Australie pour \u00e9tudier, comprendre et approfondir mes connaissances sur l&rsquo;administration des plantes, la pr\u00e9paration des teintures, des solutions et des cr\u00e8mes, et pour commercialiser ces produits. L&rsquo;ensemble du processus technologique, d&rsquo;ailleurs tenu secret, conf\u00e8re \u00e0 ces produits leur caract\u00e8re unique\u00a0; ils ne sont pas disponibles sur le march\u00e9 europ\u00e9en.[\/vc_column_text][vc_column_text text_larger=\u00a0\u00bbno\u00a0\u00bb]<strong>R\u00c9CEMMENT<\/strong><\/p>\n<p>Apr\u00e8s deux ans de recherches et de d\u00e9marches juridiques, j&rsquo;ai enfin obtenu l&rsquo;autorisation d&rsquo;importer ces produits exceptionnels en Europe.<\/p>\n<p>Je suis heureux et fier que ces produits soient d\u00e9sormais disponibles dans toute l&rsquo;Europe.<\/p>\n<p>[\/vc_column_text][\/vc_column_inner][\/vc_row_inner][vc_row_inner][vc_column_inner css=\u00a0\u00bb.vc_custom_1500278890890{margin-bottom: 0px !important;}\u00a0\u00bb][vc_column_text el_class=\u00a0\u00bbtext-larger\u00a0\u00bb css=\u00a0\u00bb.vc_custom_1762368675567{margin-bottom: 30px !important;}\u00a0\u00bb text_larger=\u00a0\u00bbno\u00a0\u00bb]Service client et commandes\u00a0:<\/p>\n<p>Num\u00e9ros disponibles en Roumanie\u00a0: +40\u00a0723\u00a0723\u00a0560 ou +40\u00a0720\u00a0726\u00a0137<\/p>\n<p>Num\u00e9ros disponibles en France et \u00e0 Monaco\u00a0: +33673018502<\/p>\n<p>Num\u00e9ros disponibles en Australie\u00a0: +61450291194[\/vc_column_text][\/vc_column_inner][\/vc_row_inner][\/vc_column][vc_column width=\u00a0\u00bb1\/3&Prime; mobile_bg_img_hidden=\u00a0\u00bbno\u00a0\u00bb tablet_bg_img_hidden=\u00a0\u00bbno\u00a0\u00bb woodmart_parallax=\u00a0\u00bb0&Prime; woodmart_sticky_column=\u00a0\u00bbfalse\u00a0\u00bb parallax_scroll=\u00a0\u00bbno\u00a0\u00bb mobile_reset_margin=\u00a0\u00bbno\u00a0\u00bb tablet_reset_margin=\u00a0\u00bbno\u00a0\u00bb][vc_single_image image=\u00a0\u00bb3544&Prime; img_size=\u00a0\u00bbfull\u00a0\u00bb onclick=\u00a0\u00bbcustom_link\u00a0\u00bb parallax_scroll=\u00a0\u00bbno\u00a0\u00bb link=\u00a0\u00bb\/en\/shop\/\u00a0\u00bb][\/vc_column][\/vc_row][\/vc_section]<\/p>\n<\/div>","protected":false},"excerpt":{"rendered":"<p>[vc_section full_width=\u00a0\u00bbstretch_row\u00a0\u00bb full_height=\u00a0\u00bbyes\u00a0\u00bb content_placement=\u00a0\u00bbmiddle\u00a0\u00bb woodmart_bg_position=\u00a0\u00bbcenter-center\u00a0\u00bb woodmart_gradient_switch=\u00a0\u00bbyes\u00a0\u00bb css=\u00a0\u00bb.vc_custom_1588858951160{margin-bottom: 0px !important;padding-top: 5vh !important;padding-bottom: 10vh !important;background-image: url(http:\/\/dummy.xtemos.com\/woodmart\/demos\/wp-content\/uploads\/sites\/2\/2017\/06\/wood-main-bg.jpg?id=44) !important;background-position: center !important;background-repeat: no-repeat !important;background-size: cover<\/p>\n","protected":false},"author":10,"featured_media":0,"parent":0,"menu_order":0,"comment_status":"closed","ping_status":"closed","template":"","meta":{"footnotes":""},"class_list":["post-2961","page","type-page","status-publish","hentry"],"_links":{"self":[{"href":"https:\/\/beautyvictoria.ro\/fr\/wp-json\/wp\/v2\/pages\/2961","targetHints":{"allow":["GET"]}}],"collection":[{"href":"https:\/\/beautyvictoria.ro\/fr\/wp-json\/wp\/v2\/pages"}],"about":[{"href":"https:\/\/beautyvictoria.ro\/fr\/wp-json\/wp\/v2\/types\/page"}],"author":[{"embeddable":true,"href":"https:\/\/beautyvictoria.ro\/fr\/wp-json\/wp\/v2\/users\/10"}],"replies":[{"embeddable":true,"href":"https:\/\/beautyvictoria.ro\/fr\/wp-json\/wp\/v2\/comments?post=2961"}],"version-history":[{"count":14,"href":"https:\/\/beautyvictoria.ro\/fr\/wp-json\/wp\/v2\/pages\/2961\/revisions"}],"predecessor-version":[{"id":5554,"href":"https:\/\/beautyvictoria.ro\/fr\/wp-json\/wp\/v2\/pages\/2961\/revisions\/5554"}],"wp:attachment":[{"href":"https:\/\/beautyvictoria.ro\/fr\/wp-json\/wp\/v2\/media?parent=2961"}],"curies":[{"name":"wp","href":"https:\/\/api.w.org\/{rel}","templated":true}]}}