{"id":1282,"date":"2018-09-08T12:42:23","date_gmt":"2018-09-08T09:42:23","guid":{"rendered":"https:\/\/beautyvictoria.ro\/?page_id=1282"},"modified":"2019-10-09T15:21:55","modified_gmt":"2019-10-09T12:21:55","slug":"eminisuni-tv","status":"publish","type":"page","link":"https:\/\/beautyvictoria.ro\/fr\/eminisuni-tv\/","title":{"rendered":"Eminisuni TV"},"content":{"rendered":"<strong>Dna Ghiorghiu Elena Violete<\/strong> va fi prezenta la\u00a0emisiunea <strong>S\u0103n\u0103tate curat\u0103 de la\u00a0Romania TV<\/strong> pentru a prezenta produsele BeautyVictoria.ro dar si pentru a prezenta cazurile de evolutie ale clientilor nostri. Programul emisiunilor:\r\n\r\n<strong>Luna Mai 2019:<\/strong>\r\n\r\nDuminica 12 mai la ora ora 8.30\r\nDuminica 26 mai la ora ora 8.30\r\n\r\n<strong>Luna Iunie 2019:<\/strong>\r\n\r\nSambata 09 iunie la ora ora 9.35\r\nDuminica 15 iunie la ora ora 8.30\r\nDuminica 23 iunie la ora ora 8.30\r\n\r\n<strong>Luna Iulie 2019:<\/strong>\r\n\r\nDuminica 07 iulie la ora ora 8.30\r\nDuminica 14 iulie la ora ora 8.30\r\nSambata 27 iulie la ora ora 9.35\r\n\r\n<strong>Luna August 2019:<\/strong>\r\n\r\nSambata 10 august la ora ora 9.35\r\nSambata 24 august la ora ora 9.35\r\n\r\n<strong>Luna Septembrie 2019:<\/strong>\r\n\r\nSambata 7 septembrie la ora ora 9.30\r\nDuminica 15 septembrie la ora ora 8.30\r\nSambata 21 septembrie la ora ora 9.30\r\n\r\n<strong>Luna Octombrie 2019:<\/strong>\r\n\r\nSambata 19 octombrie la ora ora 9.35\r\nDuminica 27 octombrie la ora ora 8.35\r\n\r\n<!-- \/wp:post-content -->","protected":false},"excerpt":{"rendered":"<p>Dna Ghiorghiu Elena Violete va fi prezenta la\u00a0emisiunea S\u0103n\u0103tate curat\u0103 de la\u00a0Romania TV pentru a prezenta produsele BeautyVictoria.ro dar si<\/p>\n","protected":false},"author":10,"featured_media":0,"parent":0,"menu_order":0,"comment_status":"closed","ping_status":"closed","template":"","meta":{"footnotes":""},"class_list":["post-1282","page","type-page","status-publish","hentry"],"_links":{"self":[{"href":"https:\/\/beautyvictoria.ro\/fr\/wp-json\/wp\/v2\/pages\/1282","targetHints":{"allow":["GET"]}}],"collection":[{"href":"https:\/\/beautyvictoria.ro\/fr\/wp-json\/wp\/v2\/pages"}],"about":[{"href":"https:\/\/beautyvictoria.ro\/fr\/wp-json\/wp\/v2\/types\/page"}],"author":[{"embeddable":true,"href":"https:\/\/beautyvictoria.ro\/fr\/wp-json\/wp\/v2\/users\/10"}],"replies":[{"embeddable":true,"href":"https:\/\/beautyvictoria.ro\/fr\/wp-json\/wp\/v2\/comments?post=1282"}],"version-history":[{"count":0,"href":"https:\/\/beautyvictoria.ro\/fr\/wp-json\/wp\/v2\/pages\/1282\/revisions"}],"wp:attachment":[{"href":"https:\/\/beautyvictoria.ro\/fr\/wp-json\/wp\/v2\/media?parent=1282"}],"curies":[{"name":"wp","href":"https:\/\/api.w.org\/{rel}","templated":true}]}}