{"id":1204,"date":"2018-05-16T13:07:11","date_gmt":"2018-05-16T10:07:11","guid":{"rendered":"https:\/\/beautyvictoria.ro\/?page_id=1204"},"modified":"2020-05-09T10:19:21","modified_gmt":"2020-05-09T07:19:21","slug":"termeni-si-conditii","status":"publish","type":"page","link":"https:\/\/beautyvictoria.ro\/fr\/termeni-si-conditii\/","title":{"rendered":"TERMES ET CONDITIONS"},"content":{"rendered":"<h1 style=\"text-align: center;\">TERMES ET CONDITIONS<\/h1>\n<p>La visite, l&rsquo;utilisation ou la commande des produits consult\u00e9s sur le site https:\/\/beautyvictoria.ro implique l&rsquo;acceptation des conditions d&rsquo;utilisation qui seront d\u00e9taill\u00e9es ci-dessous. Afin d&rsquo;utiliser le site dans de bonnes conditions, il est recommand\u00e9 de lire attentivement les conditions g\u00e9n\u00e9rales.<\/p>\n<p>Beautyvictoria.ro est g\u00e9r\u00e9 par SC BEAUTY VICTORIA AUSTRALIA SRL bas\u00e9e \u00e0 TIMIS, immatricul\u00e9e au registre du commerce sous le n \u00b0 J35 \/ 3370\/2018, CUI 39941636.<\/p>\n<p>Nous nous r\u00e9servons le droit d&rsquo;apporter des modifications \u00e0 ces Termes et Conditions ainsi que toute modification du site https:\/\/beautyvictoria.ro sans pr\u00e9avis. En acc\u00e9dant \u00e0 la page Termes et conditions, vous pouvez toujours lire la derni\u00e8re version de ces dispositions.<\/p>\n<p>Vos obligations d&rsquo;inscription:<\/p>\n<p>Pour pouvoir acheter sur https:\/\/beautyvictoria.ro, vous devez saisir vos donn\u00e9es sur notre site Web.<\/p>\n<p>En utilisant le service, vous d\u00e9clarez que vous fournirez des informations r\u00e9elles, correctes, \u00e0 jour et compl\u00e8tes vous concernant.<\/p>\n<p>Dans le cas o\u00f9 nous consid\u00e9rons que cette obligation a \u00e9t\u00e9 viol\u00e9e, nous nous r\u00e9servons le droit de bloquer votre acc\u00e8s \u00e0 l&rsquo;utilisation du service, pour une dur\u00e9e d\u00e9termin\u00e9e ou ind\u00e9termin\u00e9e, sans aucun pr\u00e9avis.<\/p>\n<p>Prix \u200b\u200bet modes de paiement:<\/p>\n<p>Le prix d&rsquo;achat pr\u00e9sent\u00e9 sur la facture sera le m\u00eame que celui pr\u00e9sent\u00e9 sur le site au moment de l&rsquo;achat, prix auquel s&rsquo;ajoutent les frais de livraison.<\/p>\n<p>Le paiement des produits peut \u00eatre effectu\u00e9:<\/p>\n<p>M\u00e9thode RAMBURS: esp\u00e8ces \/ esp\u00e8ces, \u00e0 la livraison du produit;<br \/>\nM\u00e9thode de virement bancaire: par carte de cr\u00e9dit \/ d\u00e9bit lors de la commande en ligne;<\/p>\n<p>Informations de livraison:<\/p>\n<p>Le d\u00e9lai de livraison est de 3 jours ouvr\u00e9s maximum, \u00e0 compter de la date de prise en charge de votre commande. Ce terme peut \u00eatre modifi\u00e9 pour des raisons ind\u00e9pendantes de notre volont\u00e9.<\/p>\n<p>La livraison est effectu\u00e9e par une soci\u00e9t\u00e9 de messagerie, au domicile du client, dans un d\u00e9lai d&rsquo;un jour \u00e0 compter de l&rsquo;envoi de la commande, et peut arriver \u00e0 destination au bout de 2 jour<\/p>\n<p>maximum.<\/p>\n<p>Si vous souhaitez sp\u00e9cifier certains aspects li\u00e9s \u00e0 la livraison tels que: le d\u00e9lai de livraison, l&rsquo;adresse ou les points de rep\u00e8re, veuillez saisir ces \u00e9l\u00e9ments dans la case \u00ab\u00a0informations de commande\u00a0\u00bb avant de finaliser la commande.<\/p>\n<p>Le jour de l&rsquo;exp\u00e9dition du colis avec votre commande, nous vous en informerons par e-mail ou par t\u00e9l\u00e9phone.<\/p>\n<p>Le colis peut \u00eatre r\u00e9cup\u00e9r\u00e9 par n&rsquo;importe quel membre de la famille.<\/p>\n<p>Les produits sont livr\u00e9s dans le stock disponible. Si un ou plusieurs des produits command\u00e9s ne sont plus en stock, vous en serez inform\u00e9. Dans certains cas, le produit command\u00e9 peut \u00eatre remplac\u00e9 par un produit similaire si vous le souhaitez et l&rsquo;acceptez.<\/p>\n<p>La responsabilit\u00e9 de tout dommage caus\u00e9 au produit, colis ou colis envoy\u00e9 par nous incombe \u00e0 la soci\u00e9t\u00e9 de messagerie ou au transporteur conform\u00e9ment \u00e0 la l\u00e9gislation en vigueur. Les produits seront remplac\u00e9s par nous si la faute du transporteur est prouv\u00e9e et nous en serons inform\u00e9s dans les 24 heures suivant la r\u00e9ception du colis.<\/p>\n<p>Copyright<\/p>\n<p>L&rsquo;ensemble du contenu du site http:\/\/beautyvictoria.ro, y compris les textes, images, graphiques, graphiques Web, scripts et toutes autres donn\u00e9es, est la propri\u00e9t\u00e9 de SC BEAUTY VICTORIA AUSTRALIA SRL. ou ses fournisseurs et est prot\u00e9g\u00e9 par les lois sur le droit d&rsquo;auteur et la propri\u00e9t\u00e9 intellectuelle. L&rsquo;utilisation sans le consentement \u00e9crit de tout \u00e9l\u00e9ment du site https:\/\/beautyvictoria.ro, ou de tout \u00e9l\u00e9ment \u00e9num\u00e9r\u00e9 ci-dessus est punie conform\u00e9ment aux lois en vigueur. Pour revendiquer les droits de propri\u00e9t\u00e9 intellectuelle, vous pouvez utiliser l&rsquo;adresse e-mail comenzi@beautyvictoria.ro<\/p>\n<p>Politique de confidentialit\u00e9<\/p>\n<p>Les donn\u00e9es personnelles peuvent \u00eatre divulgu\u00e9es sans votre consentement en cas de litige \/ litige concernant une fraude au paiement aux destinataires suivants: les banques impliqu\u00e9es dans les paiements en ligne, les organisations internationales de cartes et les fournisseurs de services \/ produits, respectivement conform\u00e9ment \u00e0 la loi, aux institutions comp\u00e9tentes.<\/p>\n<p>Conform\u00e9ment aux dispositions de la loi n \u00b0 677\/200, nos clients disposent des droits suivants:<\/p>\n<p>1) Le droit \u00e0 l&rsquo;information (art. 12)<\/p>\n<p>2) Le droit d&rsquo;acc\u00e8s aux donn\u00e9es (art. 13) &#8211; le droit d&rsquo;obtenir, sur demande et gratuitement, pour une demande par an, la confirmation que les donn\u00e9es la concernant sont ou non trait\u00e9es par l&rsquo;op\u00e9rateur de donn\u00e9es.<\/p>\n<p>3) Le droit d&rsquo;intervenir (art. 14) &#8211; le droit de demander au responsable du traitement, par une demande \u00e9crite et gratuite, les \u00e9l\u00e9ments suivants:<\/p>\n<p>a) rectification, mise \u00e0 jour, blocage ou suppression de donn\u00e9es incompl\u00e8tes, inexactes ou de traitement ill\u00e9gal;<\/p>\n<p>b) la transformation de donn\u00e9es personnelles ill\u00e9gales en donn\u00e9es anonymes;<\/p>\n<p>c) notification \u00e0 des tiers des op\u00e9rations pr\u00e9vues en let. a) et b).<\/p>\n<p>4) Le droit d&rsquo;opposition (art. 15) &#8211; le droit de s&rsquo;opposer, gratuitement et par une demande \u00e9crite, pour des motifs fond\u00e9s et l\u00e9gitimes li\u00e9s \u00e0 sa situation particuli\u00e8re, \u00e0 ce que les donn\u00e9es le concernant fassent l&rsquo;objet d&rsquo;un traitement.<\/p>\n<p>5) Le droit d&rsquo;aller en justice (art. 18) &#8211; le droit d&rsquo;aller en justice pour d\u00e9fendre les droits garantis par la loi et qui ont \u00e9t\u00e9 viol\u00e9s.<\/p>\n<p>6) Le droit de d\u00e9poser une plainte aupr\u00e8s de l&rsquo;autorit\u00e9 de contr\u00f4le (art. 25).<\/p>\n<p>Responsabilit\u00e9s du produit<\/p>\n<p>SC BEAUTY VICTORIA AUSTRALIA SRL. n&rsquo;assume aucune responsabilit\u00e9 et ne peut \u00eatre tenu responsable de tout dommage caus\u00e9 par l&rsquo;utilisation de produits achet\u00e9s sur ce site, \u00e0 des fins autres que celles mentionn\u00e9es par le fabricant. Le retour des produits peut \u00eatre effectu\u00e9 conform\u00e9ment aux dispositions de l&rsquo;OG 130\/2000, et pour plus de d\u00e9tails, veuillez visiter la section Politique de retour.<\/p>\n<p>Limitations de l&rsquo;utilisation de certaines techniques de communication \u00e0 distance<\/p>\n<p>Article 1. &#8211; Les techniques de communication \u00e0 distance suivantes n\u00e9cessitent l&rsquo;accord pr\u00e9alable du consommateur:<br \/>\na) syst\u00e8me d&rsquo;appel automatis\u00e9 sans intervention humaine (appel automatique);<br \/>\nb) fax (fax)<br \/>\nc) adresse e-mail (e-mail)<\/p>\n<p>Article 2. &#8211; L&rsquo;utilisation d&rsquo;autres techniques de communication individuelles \u00e0 distance de celles pr\u00e9vues \u00e0 l&rsquo;art. 1 n&rsquo;est pas autoris\u00e9 en cas de refus manifest\u00e9 par le consommateur.<\/p>\n<p>La liste comprend les techniques de communication \u00e0 distance<br \/>\na) impression sans adresse;<br \/>\nb) adresse imprim\u00e9e;<br \/>\nc) lettre standard;<br \/>\nd) publicit\u00e9 imprim\u00e9e avec bon de commande;<br \/>\ne) catalogue;<br \/>\nf) t\u00e9l\u00e9phone avec intervention humaine;<br \/>\ng) t\u00e9l\u00e9phone sans intervention humaine (appel automatique, audiotexte);<br \/>\nh) radio;<br \/>\ni) visiophone (t\u00e9l\u00e9phone avec image);<br \/>\nj) vid\u00e9otexte (micro-ordinateur, \u00e9cran de t\u00e9l\u00e9vision avec clavier ou \u00e9cran tactile);<br \/>\nk) courrier \u00e9lectronique (e-mail);<br \/>\nl) t\u00e9l\u00e9copie (t\u00e9l\u00e9copie);<br \/>\nm) t\u00e9l\u00e9vision (t\u00e9l\u00e9-achat).<\/p>\n<p>litige<\/p>\n<p>En utilisant, en consultant ou en achetant les produits sur ce site, l&rsquo;utilisateur a pris conscience que les lois roumaines r\u00e9giront les conditions g\u00e9n\u00e9rales ci-dessus et tout diff\u00e9rend de toute nature qui pourrait survenir entre l&rsquo;utilisateur et SC BEAUTY VICTORIA AUSTRALIA SRL. En cas de conflits possibles entre SC BEAUTY VICTORIA AUSTRALIA SRL. et ses clients essaieront d&rsquo;abord de les r\u00e9soudre \u00e0 l&rsquo;amiable dans au moins 30 jours ouvrables.<\/p>\n<p>Si un r\u00e8glement amiable n&rsquo;est pas possible, le litige sera r\u00e9solu devant le tribunal comp\u00e9tent conform\u00e9ment aux lois roumaines en vigueur.<\/p>\n<p>divers<\/p>\n<p>Si l&rsquo;une des clauses ci-dessus s&rsquo;av\u00e8re nulle ou invalide, quelle qu&rsquo;en soit la cause, cela n&rsquo;affectera pas la validit\u00e9 des autres clauses. Une fois la commande lanc\u00e9e, le client accepte sans objection les Conditions G\u00e9n\u00e9rales d&rsquo;Utilisation, leur valeur \u00e9tant la m\u00eame qu&rsquo;un contrat valable.<\/p>\n<p>En acceptant ces conditions g\u00e9n\u00e9rales, le client assume pleinement les droits et obligations d\u00e9coulant de l&rsquo;achat dans la boutique virtuelle http:\/\/beautyvictoria.ro.<\/p>\n","protected":false},"excerpt":{"rendered":"<p>TERMES ET CONDITIONS La visite, l&rsquo;utilisation ou la commande des produits consult\u00e9s sur le site https:\/\/beautyvictoria.ro implique l&rsquo;acceptation des conditions<\/p>\n","protected":false},"author":10,"featured_media":0,"parent":0,"menu_order":0,"comment_status":"closed","ping_status":"closed","template":"","meta":{"footnotes":""},"class_list":["post-1204","page","type-page","status-publish","hentry"],"_links":{"self":[{"href":"https:\/\/beautyvictoria.ro\/fr\/wp-json\/wp\/v2\/pages\/1204","targetHints":{"allow":["GET"]}}],"collection":[{"href":"https:\/\/beautyvictoria.ro\/fr\/wp-json\/wp\/v2\/pages"}],"about":[{"href":"https:\/\/beautyvictoria.ro\/fr\/wp-json\/wp\/v2\/types\/page"}],"author":[{"embeddable":true,"href":"https:\/\/beautyvictoria.ro\/fr\/wp-json\/wp\/v2\/users\/10"}],"replies":[{"embeddable":true,"href":"https:\/\/beautyvictoria.ro\/fr\/wp-json\/wp\/v2\/comments?post=1204"}],"version-history":[{"count":0,"href":"https:\/\/beautyvictoria.ro\/fr\/wp-json\/wp\/v2\/pages\/1204\/revisions"}],"wp:attachment":[{"href":"https:\/\/beautyvictoria.ro\/fr\/wp-json\/wp\/v2\/media?parent=1204"}],"curies":[{"name":"wp","href":"https:\/\/api.w.org\/{rel}","templated":true}]}}