{"id":1202,"date":"2018-05-16T13:03:23","date_gmt":"2018-05-16T10:03:23","guid":{"rendered":"https:\/\/beautyvictoria.ro\/?page_id=1202"},"modified":"2020-05-09T16:41:31","modified_gmt":"2020-05-09T13:41:31","slug":"politica-de-retur","status":"publish","type":"page","link":"https:\/\/beautyvictoria.ro\/fr\/politica-de-retur\/","title":{"rendered":"POLICE DE RETOUR"},"content":{"rendered":"<div class=\"wpb-content-wrapper\"><p>[vc_row][vc_column][vc_column_text text_larger=\u00a0\u00bbno\u00a0\u00bb]<\/p>\n<h1 style=\"text-align: center;\">POLICE DE RETOUR<\/h1>\n<p>&nbsp;<\/p>\n<p>Le retour des produits, \u00e0 l&rsquo;exception des probl\u00e8mes li\u00e9s \u00e0 la garantie, s&rsquo;effectue \u00e0 vos frais. beautyvictoria.ro ne remboursera pas les frais de retour du produit.<\/p>\n<p>Conform\u00e9ment \u00e0 la l\u00e9gislation en vigueur, vous avez le droit de retourner les produits command\u00e9s, sans indication de motifs, dans un d\u00e9lai de 14 jours \u00e0 compter de la date de votre saisie ou d&rsquo;un tiers indiqu\u00e9 par vous, en possession physique des produits (date de livraison des produits) .<\/p>\n<p>Les produits ne peuvent \u00eatre retourn\u00e9s qu&rsquo;apr\u00e8s que vous nous ayez contact\u00e9 par e-mail ou par t\u00e9l\u00e9phone. Avant de retourner un produit, lisez attentivement les conditions ci-dessous et les conditions de retour sp\u00e9cifiques au produit.[\/vc_column_text][\/vc_column][\/vc_row][vc_row][vc_column width=\u00a0\u00bb1\/2&Prime;][vc_column_text text_larger=\u00a0\u00bbno\u00a0\u00bb]Le retour se fait en quelques \u00e9tapes simples:<\/p>\n<ul>\n<li>\u00a0\u00a0\u00a0\u00a0Vous vous assurez que le produit remplit les conditions de retour;<\/li>\n<li>\u00a0 \u00a0 Remplissez une demande de retour et envoyez-la aux commandes (@) beautyvictoria.ro;<\/li>\n<li>\u00a0 \u00a0 Vous attendez l&rsquo;approbation de la demande de retour de http:\/\/beautyvictoria.ro;<\/li>\n<li>\u00a0 \u00a0 Envoyer le produit au vendeur;<\/li>\n<li>\u00a0 \u00a0 Vous recevrez la valeur du produit ou d&rsquo;un autre produit en \u00e9change, selon le cas.<\/li>\n<\/ul>\n<p>[\/vc_column_text][\/vc_column][vc_column width=\u00a0\u00bb1\/2&Prime;][vc_column_text text_larger=\u00a0\u00bbno\u00a0\u00bb]Conditions que les produits doivent remplir pour \u00eatre retourn\u00e9s:<\/p>\n<ul>\n<li>\u00a0\u00a0\u00a0\u00a0Pour remplir la condition du d\u00e9lai de 14 jours \u00e0 compter de la livraison.<\/li>\n<li>\u00a0 \u00a0 Les produits doivent \u00eatre dans le m\u00eame \u00e9tat dans lequel ils ont \u00e9t\u00e9 envoy\u00e9s.<\/li>\n<li>\u00a0 \u00a0 Les produits qui ont \u00e9t\u00e9 utilis\u00e9s ou descell\u00e9s ne sont pas accept\u00e9s au retour.<\/li>\n<li>\u00a0 \u00a0 Les produits doivent \u00eatre accompagn\u00e9s de tous les accessoires qui vous ont \u00e9t\u00e9 livr\u00e9s.<\/li>\n<li>\u00a0 \u00a0 Vous devez retourner les produits dans leur emballage d&rsquo;origine, accompagn\u00e9s des \u00e9tiquettes initiales, intactes, de la facture qui les accompagnait, des cadeaux qui vous ont \u00e9t\u00e9 offerts avec eux.<\/li>\n<\/ul>\n<p>[\/vc_column_text][\/vc_column][\/vc_row][vc_row][vc_column][vc_column_text text_larger=\u00a0\u00bbno\u00a0\u00bb]Le retour des produits, \u00e0 l&rsquo;exception des probl\u00e8mes li\u00e9s \u00e0 la garantie, se fait \u00e0 vos frais. beautyvictoria.ro ne remboursera pas les frais de retour du produit.<\/p>\n<p>Conform\u00e9ment \u00e0 la l\u00e9gislation en vigueur, vous avez le droit de retourner les produits command\u00e9s, sans indication de motifs, dans un d\u00e9lai de 14 jours \u00e0 compter de la date de votre saisie ou d&rsquo;un tiers indiqu\u00e9 par vous, en possession physique des produits (date de livraison des produits) .<\/p>\n<p>Les produits peuvent \u00eatre retourn\u00e9s en remplissant le formulaire de retour. Avant de retourner un produit, lisez attentivement la politique de retour et les conditions de retour sp\u00e9cifiques au produit.[\/vc_column_text][\/vc_column][\/vc_row]<\/p>\n<\/div>","protected":false},"excerpt":{"rendered":"<p>[vc_row][vc_column][vc_column_text text_larger=\u00a0\u00bbno\u00a0\u00bb] POLICE DE RETOUR &nbsp; Le retour des produits, \u00e0 l&rsquo;exception des probl\u00e8mes li\u00e9s \u00e0 la garantie, s&rsquo;effectue \u00e0<\/p>\n","protected":false},"author":10,"featured_media":0,"parent":0,"menu_order":0,"comment_status":"closed","ping_status":"closed","template":"","meta":{"footnotes":""},"class_list":["post-1202","page","type-page","status-publish","hentry"],"_links":{"self":[{"href":"https:\/\/beautyvictoria.ro\/fr\/wp-json\/wp\/v2\/pages\/1202","targetHints":{"allow":["GET"]}}],"collection":[{"href":"https:\/\/beautyvictoria.ro\/fr\/wp-json\/wp\/v2\/pages"}],"about":[{"href":"https:\/\/beautyvictoria.ro\/fr\/wp-json\/wp\/v2\/types\/page"}],"author":[{"embeddable":true,"href":"https:\/\/beautyvictoria.ro\/fr\/wp-json\/wp\/v2\/users\/10"}],"replies":[{"embeddable":true,"href":"https:\/\/beautyvictoria.ro\/fr\/wp-json\/wp\/v2\/comments?post=1202"}],"version-history":[{"count":0,"href":"https:\/\/beautyvictoria.ro\/fr\/wp-json\/wp\/v2\/pages\/1202\/revisions"}],"wp:attachment":[{"href":"https:\/\/beautyvictoria.ro\/fr\/wp-json\/wp\/v2\/media?parent=1202"}],"curies":[{"name":"wp","href":"https:\/\/api.w.org\/{rel}","templated":true}]}}